{"id":8924,"date":"2021-10-08T15:43:43","date_gmt":"2021-10-08T15:43:43","guid":{"rendered":"http:\/\/kayragumruk.com\/demo\/?page_id=8924"},"modified":"2022-02-21T18:21:59","modified_gmt":"2022-02-21T18:21:59","slug":"iletisim","status":"publish","type":"page","link":"https:\/\/www.kayragumruk.com\/demo\/iletisim\/","title":{"rendered":"\u0130leti\u015fim"},"content":{"rendered":"<p>[vc_row css=&#8221;.vc_custom_1535545128241{margin-bottom: 8vh !important;}&#8221;][vc_column width=&#8221;1\/2&#8243; css=&#8221;.vc_custom_1496934090366{margin-bottom: 35px !important;padding-top: 10px !important;}&#8221; offset=&#8221;vc_col-lg-4 vc_col-md-4&#8243;]\t\t\t<link rel=\"stylesheet\" id=\"wd-section-title-css\" href=\"https:\/\/www.kayragumruk.com\/demo\/wp-content\/themes\/woodmart\/css\/parts\/el-section-title.min.css?ver=6.1.4\" type=\"text\/css\" media=\"all\" \/> \t\t\t\t\t\n\t\t<div id=\"wd-6160674f3af1f\" class=\"title-wrapper wd-wpb set-mb-s reset-last-child  wd-title-color-default wd-title-style-default wd-width-100 text-left vc_custom_1633707872636\">\n\t\t\t\n\t\t\t<div class=\"liner-continer\">\n\t\t\t\t<h4 class=\"woodmart-title-container title  wd-font-weight- wd-fontsize-l\" >\u0130LET\u0130\u015e\u0130M B\u0130LG\u0130LER\u0130Z<\/h4>\n\t\t\t\t\t\t\t<\/div>\n\t\t\t\n\t\t\t\n\t\t\t\t\t<\/div>\n\t\t\n\t\t[vc_row_inner][vc_column_inner]\t\t\t<link rel=\"stylesheet\" id=\"wd-responsive-text-css\" href=\"https:\/\/www.kayragumruk.com\/demo\/wp-content\/themes\/woodmart\/css\/parts\/el-responsive-text.min.css?ver=6.1.4\" type=\"text\/css\" media=\"all\" \/> \t\t\t\t\t\t<div id=\"wd-614f528366f9b\" class=\"wd-text-block-wrapper wd-wpb color-scheme-dark wd-width-100 text-left vc_custom_1632588427795\">\n\t\t\t\t<div class=\"woodmart-title-container woodmart-text-block reset-last-child font-primary wd-font-weight-600 \">\n\t\t\t\t\tAdres\t\t\t\t<\/div>\n\t\t\t\t\t\t\t<\/div>\n\t\t\t\t\t<link rel=\"stylesheet\" id=\"wd-info-box-css\" href=\"https:\/\/www.kayragumruk.com\/demo\/wp-content\/themes\/woodmart\/css\/parts\/el-info-box.min.css?ver=6.1.4\" type=\"text\/css\" media=\"all\" \/> \t\t\t\t\t\t<div class=\"info-box-wrapper \">\n\t\t\t\t<div id=\"wd-6213d759873f0\" class=\" wd-info-box wd-wpb text-left box-icon-align-left box-style- color-scheme- wd-bg-none vc_custom_1645467483454\"  >\n\t\t\t\t\t\t\t\t\t\t\t<div class=\"box-icon-wrapper  box-with-icon box-icon-simple\">\n\t\t\t\t\t\t\t<div class=\"info-box-icon\">\n\n\t\t\t\t\t\t\t\n\t\t\t\t\t\t\t\t\t\t\t\t\t\t\t\t\t<img loading=\"lazy\" decoding=\"async\" class=\"info-icon image-1 \" src=\"https:\/\/www.kayragumruk.com\/demo\/wp-content\/uploads\/2022\/02\/01color-icons-40x40.png\" width=\"40\" height=\"40\" alt=\"01color-icons\" title=\"01color-icons\" \/>\t\t\t\t\t\t\t\t\t\t\t\t\t\t\t\n\t\t\t\t\t\t\t<\/div>\n\t\t\t\t\t\t<\/div>\n\t\t\t\t\t\t\t\t\t\t<div class=\"info-box-content\">\n\t\t\t\t\t\t\t\t\t\t\t\t<div class=\"info-box-inner set-cont-mb-s reset-last-child\">\n\t\t\t\t\t\t\t<p>\u00dcnsal mah. \u0130n\u015faat Malz. Sit.<br \/>\n5069 sok N:13\/A KEPEZ \/ ANTALYA<\/p>\n\t\t\t\t\t\t<\/div>\n\n\t\t\t\t\t\t\n\t\t\t\t\t<\/div>\n\n\t\t\t\t\t\t\t\t\t<\/div>\n\t\t\t<\/div>\n\t\t[\/vc_column_inner][\/vc_row_inner][vc_row_inner][vc_column_inner]\t\t\t<div id=\"wd-614f52969598b\" class=\"wd-text-block-wrapper wd-wpb color-scheme-dark wd-width-100 text-left vc_custom_1632588449540\">\n\t\t\t\t<div class=\"woodmart-title-container woodmart-text-block reset-last-child font-primary wd-font-weight-600 \">\n\t\t\t\t\tTelefon:\t\t\t\t<\/div>\n\t\t\t\t\t\t\t<\/div>\n\t\t\t\t\t<div class=\"info-box-wrapper \">\n\t\t\t\t<div id=\"wd-6213d77447255\" class=\" wd-info-box wd-wpb text-left box-icon-align-left box-style- color-scheme- wd-bg-none vc_custom_1645467510183\"  >\n\t\t\t\t\t\t\t\t\t\t\t<div class=\"box-icon-wrapper  box-with-icon box-icon-simple\">\n\t\t\t\t\t\t\t<div class=\"info-box-icon\">\n\n\t\t\t\t\t\t\t\n\t\t\t\t\t\t\t\t\t\t\t\t\t\t\t\t\t<img loading=\"lazy\" decoding=\"async\" class=\"info-icon image-1 \" src=\"https:\/\/www.kayragumruk.com\/demo\/wp-content\/uploads\/2022\/02\/03color-icons-40x40.png\" width=\"40\" height=\"40\" alt=\"03color-icons\" title=\"03color-icons\" \/>\t\t\t\t\t\t\t\t\t\t\t\t\t\t\t\n\t\t\t\t\t\t\t<\/div>\n\t\t\t\t\t\t<\/div>\n\t\t\t\t\t\t\t\t\t\t<div class=\"info-box-content\">\n\t\t\t\t\t\t\t\t\t\t\t\t<div class=\"info-box-inner set-cont-mb-s reset-last-child\">\n\t\t\t\t\t\t\t<p><strong>Tel:<\/strong> +90 (0212) 503 91 53<br \/>\n<strong>Fax:<\/strong> +90 (0212) 503 75 33 (Pbx)<\/p>\n\t\t\t\t\t\t<\/div>\n\n\t\t\t\t\t\t\n\t\t\t\t\t<\/div>\n\n\t\t\t\t\t\t\t\t\t<\/div>\n\t\t\t<\/div>\n\t\t\t\t\t<div id=\"wd-614f52a0baa0c\" class=\"wd-text-block-wrapper wd-wpb color-scheme-dark wd-width-100 text-left vc_custom_1632588457135\">\n\t\t\t\t<div class=\"woodmart-title-container woodmart-text-block reset-last-child font-primary wd-font-weight-600 \">\n\t\t\t\t\tE-Posta:\t\t\t\t<\/div>\n\t\t\t\t\t\t\t<\/div>\n\t\t\t\t\t<div class=\"info-box-wrapper \">\n\t\t\t\t<div id=\"wd-6213d75eedbc3\" class=\" wd-info-box wd-wpb text-left box-icon-align-left box-style- color-scheme- wd-bg-none vc_custom_1645467506743\"  >\n\t\t\t\t\t\t\t\t\t\t\t<div class=\"box-icon-wrapper  box-with-icon box-icon-simple\">\n\t\t\t\t\t\t\t<div class=\"info-box-icon\">\n\n\t\t\t\t\t\t\t\n\t\t\t\t\t\t\t\t\t\t\t\t\t\t\t\t\t<img loading=\"lazy\" decoding=\"async\" class=\"info-icon image-1 \" src=\"https:\/\/www.kayragumruk.com\/demo\/wp-content\/uploads\/2022\/02\/04color-icons-40x40.png\" width=\"40\" height=\"40\" alt=\"04color-icons\" title=\"04color-icons\" \/>\t\t\t\t\t\t\t\t\t\t\t\t\t\t\t\n\t\t\t\t\t\t\t<\/div>\n\t\t\t\t\t\t<\/div>\n\t\t\t\t\t\t\t\t\t\t<div class=\"info-box-content\">\n\t\t\t\t\t\t\t\t\t\t\t\t<div class=\"info-box-inner set-cont-mb-s reset-last-child\">\n\t\t\t\t\t\t\t<p><strong>Email:<\/strong> info@kayragumruk.com<br \/>\n<strong>Web:<\/strong> kayragumruk.com.tr<\/p>\n\t\t\t\t\t\t<\/div>\n\n\t\t\t\t\t\t\n\t\t\t\t\t<\/div>\n\n\t\t\t\t\t\t\t\t\t<\/div>\n\t\t\t<\/div>\n\t\t\t\t\t<div id=\"wd-6160669480077\" class=\"wd-text-block-wrapper wd-wpb color-scheme-dark wd-width-100 text-left vc_custom_1633707678694\">\n\t\t\t\t<div class=\"woodmart-title-container woodmart-text-block reset-last-child font-primary wd-font-weight-600 \">\n\t\t\t\t\t\u00c7al\u0131\u015fma Saatleri:\t\t\t\t<\/div>\n\t\t\t\t\t\t\t<\/div>\n\t\t\t\t\t<div class=\"info-box-wrapper \">\n\t\t\t\t<div id=\"wd-61c9d55f19994\" class=\" wd-info-box wd-wpb text-left box-icon-align-left box-style- color-scheme- wd-bg-none vc_custom_1640617320279\"  >\n\t\t\t\t\t\t\t\t\t\t\t<div class=\"box-icon-wrapper  box-with-icon box-icon-simple\">\n\t\t\t\t\t\t\t<div class=\"info-box-icon\">\n\n\t\t\t\t\t\t\t\n\t\t\t\t\t\t\t\t\t\t\t\t\t\t\t\t\t<img loading=\"lazy\" decoding=\"async\" class=\"info-icon image-1 \" src=\"https:\/\/www.kayragumruk.com\/demo\/wp-content\/uploads\/2021\/12\/saat04-40x40.png\" width=\"40\" height=\"40\" alt=\"saat04\" title=\"saat04\" \/>\t\t\t\t\t\t\t\t\t\t\t\t\t\t\t\n\t\t\t\t\t\t\t<\/div>\n\t\t\t\t\t\t<\/div>\n\t\t\t\t\t\t\t\t\t\t<div class=\"info-box-content\">\n\t\t\t\t\t\t\t\t\t\t\t\t<div class=\"info-box-inner set-cont-mb-s reset-last-child\">\n\t\t\t\t\t\t\t<p>08:00 &#8211; 20:00<br \/>\nPazar: KAPALI<\/p>\n\t\t\t\t\t\t<\/div>\n\n\t\t\t\t\t\t\n\t\t\t\t\t<\/div>\n\n\t\t\t\t\t\t\t\t\t<\/div>\n\t\t\t<\/div>\n\t\t[\/vc_column_inner][\/vc_row_inner]<div id=\"wd-6213d83d50d28\" class=\"wd-button-wrapper text-center\"><a href=\"https:\/\/goo.gl\/maps\/EZNEdq5sKxCs2CjeA\" title=\"\" class=\"btn btn-color-primary btn-style-bordered btn-shape-round btn-size-default btn-full-width btn-icon-pos-left\">YOL TAR\u0130F\u0130 AL<span class=\"wd-btn-icon\"><span class=\"wd-icon fas fa-map-signs\"><\/span><\/span><\/a><\/div>[\/vc_column][vc_column width=&#8221;1\/2&#8243; offset=&#8221;vc_col-lg-8 vc_col-md-8&#8243;]\t\t\t<link rel=\"stylesheet\" id=\"wd-map-css\" href=\"https:\/\/www.kayragumruk.com\/demo\/wp-content\/themes\/woodmart\/css\/parts\/el-map.min.css?ver=6.1.4\" type=\"text\/css\" media=\"all\" \/> \t\t\t\t\t\t<div class=\"google-map-container \" style=\"height:550px;\" data-map-args='{\"latitude\":\"41.002600\",\"longitude\":\"28.817064\",\"zoom\":\"15\",\"mouse_zoom\":\"no\",\"init_type\":\"page_load\",\"init_offset\":\"100\",\"elementor\":false,\"json_style\":\"\",\"marker_icon\":\"https:\\\/\\\/www.kayragumruk.com\\\/demo\\\/wp-content\\\/uploads\\\/2021\\\/10\\\/mapsx.png\",\"marker_text_needed\":\"no\",\"marker_text\":\"<h3 style=\\\"min-width:300px; text-align:center; margin:15px;\\\"><\\\/h3>\",\"selector\":\"wd-map-id-69f46f0ddac97\"}'>\n\n\t\t\t\t\t\t\t\t\n\t\t\t\t\t\t\t\t\n\t\t\t\t<div class=\"wd-google-map-wrapper wd-fill\">\n\t\t\t\t\t<div id=\"wd-map-id-69f46f0ddac97\" class=\"wd-google-map without-content wd-fill\"><\/div>\n\t\t\t\t<\/div>\n\n\t\t\t\t\t\t\t<\/div>\n\t\t[\/vc_column][\/vc_row][vc_row full_width=&#8221;stretch_row&#8221; css=&#8221;.vc_custom_1632589577740{margin-bottom: -40px !important;padding-bottom: 6vh !important;background-color: #f9f9f9 !important;}&#8221; mobile_bg_img_hidden=&#8221;no&#8221; tablet_bg_img_hidden=&#8221;no&#8221; woodmart_parallax=&#8221;0&#8243; woodmart_gradient_switch=&#8221;no&#8221; row_reverse_mobile=&#8221;0&#8243; row_reverse_tablet=&#8221;0&#8243; woodmart_disable_overflow=&#8221;0&#8243;][vc_column]\t\t\n\t\t<div id=\"wd-5fa3fe6d39c79\" class=\"title-wrapper wd-wpb set-mb-s reset-last-child  wd-title-color-default wd-title-style-default wd-width-100 text-center vc_custom_1604583025570\">\n\t\t\t\n\t\t\t<div class=\"liner-continer\">\n\t\t\t\t<h4 class=\"woodmart-title-container title  wd-font-weight- wd-fontsize-l\" >\u0130LET\u0130\u015e\u0130M FORMU<\/h4>\n\t\t\t\t\t\t\t<\/div>\n\t\t\t\n\t\t\t\n\t\t\t\t\t<\/div>\n\t\t\n\t\t[vc_row_inner][vc_column_inner width=&#8221;1\/6&#8243;][\/vc_column_inner][vc_column_inner width=&#8221;2\/3&#8243;][vc_column_text css=&#8221;.vc_custom_1632590714871{margin-bottom: 20px !important;}&#8221; text_larger=&#8221;no&#8221; woodmart_inline=&#8221;no&#8221;]<\/p>\n<p style=\"text-align: center;\">Size sa\u011fl\u0131kl\u0131 cevap verebilmemiz i\u00e7in, l\u00fctfen bilgileri do\u011fru ve dikkatli giriniz, en k\u0131sa s\u00fcrede taraf\u0131n\u0131za d\u00f6n\u00fc\u015f yapaca\u011f\u0131m\u0131zdan kesinlikle \u015f\u00fcpheniz olmas\u0131n.<\/p>\n<p>[\/vc_column_text][\/vc_column_inner][vc_column_inner width=&#8221;1\/6&#8243;][\/vc_column_inner][\/vc_row_inner]<div role=\"form\" class=\"wpcf7\" id=\"wpcf7-f8916-o1\" lang=\"tr-TR\" dir=\"ltr\">\n<div class=\"screen-reader-response\"><p role=\"status\" aria-live=\"polite\" aria-atomic=\"true\"><\/p> <ul><\/ul><\/div>\n<form action=\"\/demo\/wp-json\/wp\/v2\/pages\/8924#wpcf7-f8916-o1\" method=\"post\" class=\"wpcf7-form init\" novalidate=\"novalidate\" data-status=\"init\">\n<div style=\"display: none;\">\n<input type=\"hidden\" name=\"_wpcf7\" value=\"8916\" \/>\n<input type=\"hidden\" name=\"_wpcf7_version\" value=\"5.5.5\" \/>\n<input type=\"hidden\" name=\"_wpcf7_locale\" value=\"tr_TR\" \/>\n<input type=\"hidden\" name=\"_wpcf7_unit_tag\" value=\"wpcf7-f8916-o1\" \/>\n<input type=\"hidden\" name=\"_wpcf7_container_post\" value=\"0\" \/>\n<input type=\"hidden\" name=\"_wpcf7_posted_data_hash\" value=\"\" \/>\n<\/div>\n<div class=\"row\">\n<div class=\"col-lg\">\n<p><span class=\"wpcf7-form-control-wrap text-66\"><input type=\"text\" name=\"text-66\" value=\"\" size=\"40\" class=\"wpcf7-form-control wpcf7-text wpcf7-validates-as-required\" aria-required=\"true\" aria-invalid=\"false\" placeholder=\"ADINIZ*\" \/><\/span><\/p>\n<\/div>\n<div class=\"col-lg\">\n<p><span class=\"wpcf7-form-control-wrap text-67\"><input type=\"text\" name=\"text-67\" value=\"\" size=\"40\" class=\"wpcf7-form-control wpcf7-text wpcf7-validates-as-required\" aria-required=\"true\" aria-invalid=\"false\" placeholder=\"SOYADINIZ*\" \/><\/span><\/p>\n<\/div>\n<\/div>\n<div class=\"row\">\n<div class=\"col-lg\">\n<p><span class=\"wpcf7-form-control-wrap email-578\"><input type=\"email\" name=\"email-578\" value=\"\" size=\"40\" class=\"wpcf7-form-control wpcf7-text wpcf7-email wpcf7-validates-as-required wpcf7-validates-as-email\" aria-required=\"true\" aria-invalid=\"false\" placeholder=\"E-POSTA*\" \/><\/span><\/p>\n<\/div>\n<div class=\"col-lg\">\n<p><span class=\"wpcf7-form-control-wrap tel-760\"><input type=\"tel\" name=\"tel-760\" value=\"\" size=\"40\" class=\"wpcf7-form-control wpcf7-text wpcf7-tel wpcf7-validates-as-required wpcf7-validates-as-tel\" aria-required=\"true\" aria-invalid=\"false\" placeholder=\"TELEFON*\" \/><\/span><\/p>\n<\/div>\n<\/div>\n<div class=\"row\">\n<div class=\"col-lg\">\n<p><span class=\"wpcf7-form-control-wrap text-68\"><input type=\"text\" name=\"text-68\" value=\"\" size=\"40\" class=\"wpcf7-form-control wpcf7-text wpcf7-validates-as-required\" aria-required=\"true\" aria-invalid=\"false\" placeholder=\"\u015eEH\u0130R\" \/><\/span><\/p>\n<\/div>\n<div class=\"col-lg\">\n<p><span class=\"wpcf7-form-control-wrap text-69\"><input type=\"text\" name=\"text-69\" value=\"\" size=\"40\" class=\"wpcf7-form-control wpcf7-text wpcf7-validates-as-required\" aria-required=\"true\" aria-invalid=\"false\" placeholder=\"B\u0130Z\u0130 NEREDEN BULDUNUZ?\" \/><\/span><\/p>\n<\/div>\n<\/div>\n<div class=\"row\">\n<div class=\"col-lg\">\n<p><span class=\"wpcf7-form-control-wrap Full\"><textarea name=\"Full\" cols=\"40\" rows=\"10\" class=\"wpcf7-form-control wpcf7-textarea wpcf7-validates-as-required\" aria-required=\"true\" aria-invalid=\"false\" placeholder=\"VARSA MESAJINIZ\"><\/textarea><\/span><\/p>\n<\/div>\n<\/div>\n<p><input type=\"submit\" value=\"G\u00d6NDER\" class=\"wpcf7-form-control has-spinner wpcf7-submit btn btn-color-primary\" \/><\/p>\n<div class=\"wpcf7-response-output\" aria-hidden=\"true\"><\/div><\/form><\/div>[\/vc_column][\/vc_row]<\/p>\n","protected":false},"excerpt":{"rendered":"<p>[vc_row css=&#8221;.vc_custom_1535545128241{margin-bottom: 8vh !important;}&#8221;][vc_column width=&#8221;1\/2&#8243; css=&#8221;.vc_custom_1496934090366{margin-bottom: 35px !important;padding-top: 10px !important;}&#8221; offset=&#8221;vc_col-lg-4 vc_col-md-4&#8243;][vc_row_inner][vc_column_inner][\/vc_column_inner][\/vc_row_inner][vc_row_inner][vc_column_inner][\/vc_column_inner][\/vc_row_inner][\/vc_column][vc_column width=&#8221;1\/2&#8243; offset=&#8221;vc_col-lg-8 vc_col-md-8&#8243;][\/vc_column][\/vc_row][vc_row full_width=&#8221;stretch_row&#8221; css=&#8221;.vc_custom_1632589577740{margin-bottom: -40px !important;padding-bottom: 6vh<\/p>\n","protected":false},"author":1,"featured_media":0,"parent":0,"menu_order":0,"comment_status":"closed","ping_status":"closed","template":"","meta":{"footnotes":""},"class_list":["post-8924","page","type-page","status-publish","hentry"],"_links":{"self":[{"href":"https:\/\/www.kayragumruk.com\/demo\/wp-json\/wp\/v2\/pages\/8924","targetHints":{"allow":["GET"]}}],"collection":[{"href":"https:\/\/www.kayragumruk.com\/demo\/wp-json\/wp\/v2\/pages"}],"about":[{"href":"https:\/\/www.kayragumruk.com\/demo\/wp-json\/wp\/v2\/types\/page"}],"author":[{"embeddable":true,"href":"https:\/\/www.kayragumruk.com\/demo\/wp-json\/wp\/v2\/users\/1"}],"replies":[{"embeddable":true,"href":"https:\/\/www.kayragumruk.com\/demo\/wp-json\/wp\/v2\/comments?post=8924"}],"version-history":[{"count":11,"href":"https:\/\/www.kayragumruk.com\/demo\/wp-json\/wp\/v2\/pages\/8924\/revisions"}],"predecessor-version":[{"id":9566,"href":"https:\/\/www.kayragumruk.com\/demo\/wp-json\/wp\/v2\/pages\/8924\/revisions\/9566"}],"wp:attachment":[{"href":"https:\/\/www.kayragumruk.com\/demo\/wp-json\/wp\/v2\/media?parent=8924"}],"curies":[{"name":"wp","href":"https:\/\/api.w.org\/{rel}","templated":true}]}}