{"id":9694,"date":"2022-02-24T09:51:38","date_gmt":"2022-02-24T09:51:38","guid":{"rendered":"http:\/\/kayragumruk.com\/demo\/?page_id=9694"},"modified":"2022-02-24T09:51:38","modified_gmt":"2022-02-24T09:51:38","slug":"lojistik-hizmetleri","status":"publish","type":"page","link":"https:\/\/www.kayragumruk.com\/demo\/lojistik-hizmetleri\/","title":{"rendered":"Lojistik Hizmetleri"},"content":{"rendered":"<p>[vc_row][vc_column css=&#8221;.vc_custom_1615559088876{padding-top: 0px !important;}&#8221; mobile_bg_img_hidden=&#8221;no&#8221; tablet_bg_img_hidden=&#8221;no&#8221; woodmart_parallax=&#8221;0&#8243; woodmart_sticky_column=&#8221;false&#8221; parallax_scroll=&#8221;no&#8221; mobile_reset_margin=&#8221;no&#8221; tablet_reset_margin=&#8221;no&#8221;]\t\t\t<link rel=\"stylesheet\" id=\"wd-responsive-text-css\" href=\"https:\/\/www.kayragumruk.com\/demo\/wp-content\/themes\/woodmart\/css\/parts\/el-responsive-text.min.css?ver=6.1.4\" type=\"text\/css\" media=\"all\" \/> \t\t\t\t\t\t<div id=\"wd-6217551ee0811\" class=\"wd-text-block-wrapper wd-wpb color-scheme- wd-width-100 text-left \">\n\t\t\t\t<div class=\"woodmart-title-container woodmart-text-block reset-last-child font-primary wd-font-weight- wd-fontsize-m\">\n\t\t\t\t\t<strong>Profesyonel ve G\u00fcvenilir Kadromuzla Hizmetinizdeyiz<\/strong><\/p>\n<p>Yurti\u00e7i ve yurtd\u0131\u015f\u0131 ta\u015f\u0131mac\u0131l\u0131k hizmetlerini; grup \u015firketlerimizden, Emr Lojistik vas\u0131tas\u0131yla profesyonel ve g\u00fcvenilir kadrosuyla kaliteli ara\u00e7larla hizmet vermekteyiz.<\/p>\n<p>\u0130\u00e7 Nakliye \u0130\u015flemleri<\/p>\n<p>Uluslararas\u0131 Nakliye \u0130\u015flemleri<\/p>\n<p>Teminatl\u0131 Aktarma \u0130\u015flemleri<\/p>\n<p>T\u00fcrksan, m\u00fc\u015fterilerinin lojistik ihtiya\u00e7lar\u0131n\u0131 en iyi \u015fekilde tespit eder.<\/p>\n<p>Turksan, m\u00fc\u015fterilerinin lojistik ihtiya\u00e7lar\u0131n\u0131 en iyi \u015fekilde tespit ederek, sahip oldu\u011fu kurumsal bilgi birikimi ve m\u00fc\u015fteri odakl\u0131 yakla\u015f\u0131m\u0131yla, en ideal \u00e7\u00f6z\u00fcm yollar\u0131n\u0131 geli\u015ftiren, sekt\u00f6rdeki \u00f6nc\u00fc akt\u00f6rlerdendir.\t\t\t\t<\/div>\n\t\t\t\t\t\t\t<\/div>\n\t\t[\/vc_column][\/vc_row]<\/p>\n","protected":false},"excerpt":{"rendered":"<p>[vc_row][vc_column css=&#8221;.vc_custom_1615559088876{padding-top: 0px !important;}&#8221; mobile_bg_img_hidden=&#8221;no&#8221; tablet_bg_img_hidden=&#8221;no&#8221; woodmart_parallax=&#8221;0&#8243; woodmart_sticky_column=&#8221;false&#8221; parallax_scroll=&#8221;no&#8221; mobile_reset_margin=&#8221;no&#8221; tablet_reset_margin=&#8221;no&#8221;][\/vc_column][\/vc_row]<\/p>\n","protected":false},"author":1,"featured_media":0,"parent":0,"menu_order":0,"comment_status":"closed","ping_status":"closed","template":"","meta":{"footnotes":""},"class_list":["post-9694","page","type-page","status-publish","hentry"],"_links":{"self":[{"href":"https:\/\/www.kayragumruk.com\/demo\/wp-json\/wp\/v2\/pages\/9694","targetHints":{"allow":["GET"]}}],"collection":[{"href":"https:\/\/www.kayragumruk.com\/demo\/wp-json\/wp\/v2\/pages"}],"about":[{"href":"https:\/\/www.kayragumruk.com\/demo\/wp-json\/wp\/v2\/types\/page"}],"author":[{"embeddable":true,"href":"https:\/\/www.kayragumruk.com\/demo\/wp-json\/wp\/v2\/users\/1"}],"replies":[{"embeddable":true,"href":"https:\/\/www.kayragumruk.com\/demo\/wp-json\/wp\/v2\/comments?post=9694"}],"version-history":[{"count":1,"href":"https:\/\/www.kayragumruk.com\/demo\/wp-json\/wp\/v2\/pages\/9694\/revisions"}],"predecessor-version":[{"id":9695,"href":"https:\/\/www.kayragumruk.com\/demo\/wp-json\/wp\/v2\/pages\/9694\/revisions\/9695"}],"wp:attachment":[{"href":"https:\/\/www.kayragumruk.com\/demo\/wp-json\/wp\/v2\/media?parent=9694"}],"curies":[{"name":"wp","href":"https:\/\/api.w.org\/{rel}","templated":true}]}}