{"id":9700,"date":"2022-02-24T09:53:14","date_gmt":"2022-02-24T09:53:14","guid":{"rendered":"http:\/\/kayragumruk.com\/demo\/?page_id=9700"},"modified":"2022-02-24T09:53:33","modified_gmt":"2022-02-24T09:53:33","slug":"hukuk","status":"publish","type":"page","link":"https:\/\/www.kayragumruk.com\/demo\/hukuk\/","title":{"rendered":"Hukuk"},"content":{"rendered":"<p>[vc_row][vc_column css=&#8221;.vc_custom_1615559088876{padding-top: 0px !important;}&#8221; mobile_bg_img_hidden=&#8221;no&#8221; tablet_bg_img_hidden=&#8221;no&#8221; woodmart_parallax=&#8221;0&#8243; woodmart_sticky_column=&#8221;false&#8221; parallax_scroll=&#8221;no&#8221; mobile_reset_margin=&#8221;no&#8221; tablet_reset_margin=&#8221;no&#8221;]\t\t\t<link rel=\"stylesheet\" id=\"wd-responsive-text-css\" href=\"https:\/\/www.kayragumruk.com\/demo\/wp-content\/themes\/woodmart\/css\/parts\/el-responsive-text.min.css?ver=6.1.4\" type=\"text\/css\" media=\"all\" \/> \t\t\t\t\t\t<div id=\"wd-62175598d97b8\" class=\"wd-text-block-wrapper wd-wpb color-scheme- wd-width-100 text-left \">\n\t\t\t\t<div class=\"woodmart-title-container woodmart-text-block reset-last-child font-primary wd-font-weight- wd-fontsize-m\">\n\t\t\t\t\tFirmam\u0131z siz de\u011ferli m\u00fc\u015fterilerimize ithalatta haks\u0131z rekabetin \u00f6nlenmesi, g\u00f6zetim ve korunma \u00f6nlemleri, ithalat ve ihracatta mevzuata uygunluk, yabanc\u0131 yat\u0131r\u0131mlar ve uluslararas\u0131 i\u015flemler konusunda hukuki dan\u0131\u015fmanl\u0131k hizmetleri vermektedir. Bu kapsamda, gerekti\u011fi takdirde m\u00fcvekkillerimizi idari merciler ile mahkemeler ve kurumlar nezdinde temsil etmekte, hukuki ihtilaflar\u0131n halli i\u00e7in g\u00f6r\u00fc\u015f temin etmekteyiz. G\u00fcmr\u00fck mevzuat\u0131 konusunda deneyimli kadromuzla g\u00fcmr\u00fck uyu\u015fmazl\u0131klar\u0131nda etkin avukatlar\u0131m\u0131zla mevzuat ac\u0131s\u0131ndan m\u00fc\u015fterilerimizin haklar\u0131n\u0131 en etkin \u015fekilde korumay\u0131 ama\u00e7 edindik.\t\t\t\t<\/div>\n\t\t\t\t\t\t\t<\/div>\n\t\t[\/vc_column][\/vc_row]<\/p>\n","protected":false},"excerpt":{"rendered":"<p>[vc_row][vc_column css=&#8221;.vc_custom_1615559088876{padding-top: 0px !important;}&#8221; mobile_bg_img_hidden=&#8221;no&#8221; tablet_bg_img_hidden=&#8221;no&#8221; woodmart_parallax=&#8221;0&#8243; woodmart_sticky_column=&#8221;false&#8221; parallax_scroll=&#8221;no&#8221; mobile_reset_margin=&#8221;no&#8221; tablet_reset_margin=&#8221;no&#8221;][\/vc_column][\/vc_row]<\/p>\n","protected":false},"author":1,"featured_media":0,"parent":0,"menu_order":0,"comment_status":"closed","ping_status":"closed","template":"","meta":{"footnotes":""},"class_list":["post-9700","page","type-page","status-publish","hentry"],"_links":{"self":[{"href":"https:\/\/www.kayragumruk.com\/demo\/wp-json\/wp\/v2\/pages\/9700","targetHints":{"allow":["GET"]}}],"collection":[{"href":"https:\/\/www.kayragumruk.com\/demo\/wp-json\/wp\/v2\/pages"}],"about":[{"href":"https:\/\/www.kayragumruk.com\/demo\/wp-json\/wp\/v2\/types\/page"}],"author":[{"embeddable":true,"href":"https:\/\/www.kayragumruk.com\/demo\/wp-json\/wp\/v2\/users\/1"}],"replies":[{"embeddable":true,"href":"https:\/\/www.kayragumruk.com\/demo\/wp-json\/wp\/v2\/comments?post=9700"}],"version-history":[{"count":2,"href":"https:\/\/www.kayragumruk.com\/demo\/wp-json\/wp\/v2\/pages\/9700\/revisions"}],"predecessor-version":[{"id":9702,"href":"https:\/\/www.kayragumruk.com\/demo\/wp-json\/wp\/v2\/pages\/9700\/revisions\/9702"}],"wp:attachment":[{"href":"https:\/\/www.kayragumruk.com\/demo\/wp-json\/wp\/v2\/media?parent=9700"}],"curies":[{"name":"wp","href":"https:\/\/api.w.org\/{rel}","templated":true}]}}